{"id":2916,"date":"2021-05-25T15:46:41","date_gmt":"2021-05-25T17:46:41","guid":{"rendered":"https:\/\/namaitenerifeje.lt\/?page_id=2916"},"modified":"2021-05-25T15:47:02","modified_gmt":"2021-05-25T17:47:02","slug":"musu-partneriu-paslaugos","status":"publish","type":"page","link":"https:\/\/namaitenerifeje.lt\/ru\/nt-paslaugos-tenerifeje\/musu-partneriu-paslaugos\/","title":{"rendered":"(Lietuvi\u0173) M\u016bs\u0173 partneri\u0173 paslaugos"},"content":{"rendered":"","protected":false},"excerpt":{"rendered":"","protected":false},"author":2,"featured_media":0,"parent":47,"menu_order":0,"comment_status":"closed","ping_status":"closed","template":"","meta":{"_acf_changed":false,"footnotes":""},"class_list":["post-2916","page","type-page","status-publish","hentry"],"acf":[],"_links":{"self":[{"href":"https:\/\/namaitenerifeje.lt\/ru\/wp-json\/wp\/v2\/pages\/2916","targetHints":{"allow":["GET"]}}],"collection":[{"href":"https:\/\/namaitenerifeje.lt\/ru\/wp-json\/wp\/v2\/pages"}],"about":[{"href":"https:\/\/namaitenerifeje.lt\/ru\/wp-json\/wp\/v2\/types\/page"}],"author":[{"embeddable":true,"href":"https:\/\/namaitenerifeje.lt\/ru\/wp-json\/wp\/v2\/users\/2"}],"replies":[{"embeddable":true,"href":"https:\/\/namaitenerifeje.lt\/ru\/wp-json\/wp\/v2\/comments?post=2916"}],"version-history":[{"count":1,"href":"https:\/\/namaitenerifeje.lt\/ru\/wp-json\/wp\/v2\/pages\/2916\/revisions"}],"predecessor-version":[{"id":2917,"href":"https:\/\/namaitenerifeje.lt\/ru\/wp-json\/wp\/v2\/pages\/2916\/revisions\/2917"}],"up":[{"embeddable":true,"href":"https:\/\/namaitenerifeje.lt\/ru\/wp-json\/wp\/v2\/pages\/47"}],"wp:attachment":[{"href":"https:\/\/namaitenerifeje.lt\/ru\/wp-json\/wp\/v2\/media?parent=2916"}],"curies":[{"name":"wp","href":"https:\/\/api.w.org\/{rel}","templated":true}]}}